{"id":23,"date":"2025-08-16T14:03:49","date_gmt":"2025-08-16T14:03:49","guid":{"rendered":"https:\/\/sophro-reha.com\/?page_id=23"},"modified":"2026-02-09T15:58:14","modified_gmt":"2026-02-09T15:58:14","slug":"liens","status":"publish","type":"page","link":"https:\/\/sophro-reha.com\/index.php\/liens\/","title":{"rendered":"Liens"},"content":{"rendered":"\n<p>Ils me font confiance<\/p>\n\n\n\n<div class=\"wp-block-group is-layout-grid wp-container-core-group-is-layout-478b6e6b wp-block-group-is-layout-grid\"><\/div>\n\n\n\n<p><\/p>\n\n\n\n<div class=\"wp-block-group is-layout-grid wp-container-core-group-is-layout-478b6e6b wp-block-group-is-layout-grid\">\n<figure class=\"wp-block-image size-full has-custom-border wp-container-content-69bc4bdf\"><a href=\"https:\/\/www.acs-consultants.fr\/\" target=\"_blank\" rel=\" noreferrer noopener\"><img decoding=\"async\" width=\"186\" height=\"84\" src=\"https:\/\/sophro-reha.com\/wp-content\/uploads\/2025\/08\/logo.png\" alt=\"\" class=\"wp-image-190\" style=\"border-radius:4px;box-shadow:6px 6px 9px rgba(0, 0, 0, 0.2)\"\/><\/a><\/figure>\n\n\n\n<figure class=\"wp-block-image size-full has-custom-border wp-container-content-69bc4bdf\"><a href=\"https:\/\/lamaisondelasophrologie.fr\/\" target=\"_blank\" rel=\" noreferrer noopener\"><img fetchpriority=\"high\" decoding=\"async\" width=\"527\" height=\"478\" src=\"https:\/\/sophro-reha.com\/wp-content\/uploads\/2025\/09\/logo-nc2b0-1-detoure.jpg\" alt=\"\" class=\"wp-image-677\" style=\"border-radius:5px;box-shadow:6px 6px 9px rgba(0, 0, 0, 0.2)\" srcset=\"https:\/\/sophro-reha.com\/wp-content\/uploads\/2025\/09\/logo-nc2b0-1-detoure.jpg 527w, https:\/\/sophro-reha.com\/wp-content\/uploads\/2025\/09\/logo-nc2b0-1-detoure-300x272.jpg 300w\" sizes=\"(max-width: 527px) 100vw, 527px\" \/><\/a><\/figure>\n\n\n\n<figure class=\"wp-block-image size-full is-resized has-custom-border is-style-rounded\"><a href=\"https:\/\/www.anaisformation.com\/\" target=\"_blank\" rel=\" noreferrer noopener\"><img decoding=\"async\" width=\"269\" height=\"166\" src=\"https:\/\/sophro-reha.com\/wp-content\/uploads\/2025\/08\/anaisformation59.png\" alt=\"\" class=\"wp-image-180\" style=\"border-radius:4px;box-shadow:6px 6px 9px rgba(0, 0, 0, 0.2);width:187px;height:auto\"\/><\/a><\/figure>\n\n\n\n<div class=\"wp-block-group is-layout-grid wp-container-core-group-is-layout-478b6e6b wp-block-group-is-layout-grid\">\n<figure class=\"wp-block-image size-full has-custom-border\"><img loading=\"lazy\" decoding=\"async\" width=\"751\" height=\"191\" src=\"https:\/\/sophro-reha.com\/wp-content\/uploads\/2025\/08\/aramis.jpg\" alt=\"\" class=\"wp-image-188\" style=\"border-radius:5px;box-shadow:6px 6px 9px rgba(0, 0, 0, 0.2)\" srcset=\"https:\/\/sophro-reha.com\/wp-content\/uploads\/2025\/08\/aramis.jpg 751w, https:\/\/sophro-reha.com\/wp-content\/uploads\/2025\/08\/aramis-600x153.jpg 600w, https:\/\/sophro-reha.com\/wp-content\/uploads\/2025\/08\/aramis-300x76.jpg 300w\" sizes=\"(max-width: 751px) 100vw, 751px\" \/><\/figure>\n<\/div>\n\n\n\n<figure class=\"wp-block-image size-large has-custom-border\"><a href=\"https:\/\/www.vr2formation.com\/\" target=\"_blank\" rel=\" noreferrer noopener\"><img loading=\"lazy\" decoding=\"async\" width=\"1024\" height=\"245\" src=\"https:\/\/sophro-reha.com\/wp-content\/uploads\/2025\/08\/Logo-VR2-2021-v6-simple-1-1024x245.png\" alt=\"\" class=\"wp-image-194\" style=\"border-radius:5px;box-shadow:6px 6px 9px rgba(0, 0, 0, 0.2)\" srcset=\"https:\/\/sophro-reha.com\/wp-content\/uploads\/2025\/08\/Logo-VR2-2021-v6-simple-1-1024x245.png 1024w, https:\/\/sophro-reha.com\/wp-content\/uploads\/2025\/08\/Logo-VR2-2021-v6-simple-1-600x144.png 600w, https:\/\/sophro-reha.com\/wp-content\/uploads\/2025\/08\/Logo-VR2-2021-v6-simple-1-300x72.png 300w, https:\/\/sophro-reha.com\/wp-content\/uploads\/2025\/08\/Logo-VR2-2021-v6-simple-1-768x184.png 768w, https:\/\/sophro-reha.com\/wp-content\/uploads\/2025\/08\/Logo-VR2-2021-v6-simple-1.png 1360w\" sizes=\"(max-width: 1024px) 100vw, 1024px\" \/><\/a><\/figure>\n\n\n\n<figure class=\"wp-block-image size-full has-custom-border\"><img loading=\"lazy\" decoding=\"async\" width=\"250\" height=\"103\" src=\"https:\/\/sophro-reha.com\/wp-content\/uploads\/2025\/08\/logoguep250.png\" alt=\"\" class=\"wp-image-187\" style=\"border-radius:5px;box-shadow:6px 6px 9px rgba(0, 0, 0, 0.2)\"\/><\/figure>\n\n\n\n<figure class=\"wp-block-image size-full has-custom-border\"><img loading=\"lazy\" decoding=\"async\" width=\"274\" height=\"236\" src=\"https:\/\/sophro-reha.com\/wp-content\/uploads\/2025\/08\/logo-FSC.jpg\" alt=\"\" class=\"wp-image-184\" style=\"border-radius:5px;box-shadow:6px 6px 9px rgba(0, 0, 0, 0.2)\"\/><\/figure>\n\n\n\n<figure class=\"wp-block-image size-full has-custom-border\"><img loading=\"lazy\" decoding=\"async\" width=\"354\" height=\"110\" src=\"https:\/\/sophro-reha.com\/wp-content\/uploads\/2025\/08\/logo-AD-Venir-1.png\" alt=\"\" class=\"wp-image-258\" style=\"border-radius:5px;box-shadow:6px 6px 9px rgba(0, 0, 0, 0.2)\" srcset=\"https:\/\/sophro-reha.com\/wp-content\/uploads\/2025\/08\/logo-AD-Venir-1.png 354w, https:\/\/sophro-reha.com\/wp-content\/uploads\/2025\/08\/logo-AD-Venir-1-300x93.png 300w\" sizes=\"(max-width: 354px) 100vw, 354px\" \/><\/figure>\n\n\n\n<figure class=\"wp-block-image size-full has-custom-border\"><img loading=\"lazy\" decoding=\"async\" width=\"284\" height=\"110\" src=\"https:\/\/sophro-reha.com\/wp-content\/uploads\/2025\/08\/Logo-ISOCIEL-1.png\" alt=\"\" class=\"wp-image-260\" style=\"border-radius:5px;box-shadow:6px 6px 9px rgba(0, 0, 0, 0.2)\"\/><\/figure>\n<\/div>\n\n\n\n<div class=\"wp-block-group is-layout-grid wp-container-core-group-is-layout-478b6e6b wp-block-group-is-layout-grid\">\n<div class=\"wp-block-group is-layout-grid wp-container-core-group-is-layout-a9535673 wp-block-group-is-layout-grid\"><\/div>\n<\/div>\n\n\n\n<p><\/p>\n","protected":false},"excerpt":{"rendered":"<p>Ils me font confiance<\/p>\n","protected":false},"author":1,"featured_media":0,"parent":0,"menu_order":0,"comment_status":"closed","ping_status":"closed","template":"","meta":{"_themeisle_gutenberg_block_has_review":false,"footnotes":""},"class_list":["post-23","page","type-page","status-publish","hentry"],"yoast_head":"<!-- This site is optimized with the Yoast SEO plugin v27.2 - https:\/\/yoast.com\/product\/yoast-seo-wordpress\/ -->\n<title>Liens - Site de Roland Monfort, Consultant et Sophrologue cayc\u00e9dien<\/title>\n<meta name=\"robots\" content=\"index, follow, max-snippet:-1, max-image-preview:large, max-video-preview:-1\" \/>\n<link rel=\"canonical\" href=\"https:\/\/sophro-reha.com\/index.php\/liens\/\" \/>\n<meta property=\"og:locale\" content=\"fr_FR\" \/>\n<meta property=\"og:type\" content=\"article\" \/>\n<meta property=\"og:title\" content=\"Liens - Site de Roland Monfort, Consultant et Sophrologue cayc\u00e9dien\" \/>\n<meta property=\"og:description\" content=\"Ils me font confiance\" \/>\n<meta property=\"og:url\" content=\"https:\/\/sophro-reha.com\/index.php\/liens\/\" \/>\n<meta property=\"og:site_name\" content=\"Site de Roland Monfort, Consultant et Sophrologue cayc\u00e9dien\" \/>\n<meta property=\"article:publisher\" content=\"https:\/\/www.facebook.com\/roland.monfort\" \/>\n<meta property=\"article:modified_time\" content=\"2026-02-09T15:58:14+00:00\" \/>\n<meta property=\"og:image\" content=\"https:\/\/sophro-reha.com\/wp-content\/uploads\/2025\/08\/logo.png\" \/>\n<meta name=\"twitter:card\" content=\"summary_large_image\" \/>\n<meta name=\"twitter:label1\" content=\"Dur\u00e9e de lecture estim\u00e9e\" \/>\n\t<meta name=\"twitter:data1\" content=\"2 minutes\" \/>\n<script type=\"application\/ld+json\" class=\"yoast-schema-graph\">{\"@context\":\"https:\/\/schema.org\",\"@graph\":[{\"@type\":\"WebPage\",\"@id\":\"https:\/\/sophro-reha.com\/index.php\/liens\/\",\"url\":\"https:\/\/sophro-reha.com\/index.php\/liens\/\",\"name\":\"Liens - Site de Roland Monfort, Consultant et Sophrologue cayc\u00e9dien\",\"isPartOf\":{\"@id\":\"https:\/\/sophro-reha.com\/#website\"},\"primaryImageOfPage\":{\"@id\":\"https:\/\/sophro-reha.com\/index.php\/liens\/#primaryimage\"},\"image\":{\"@id\":\"https:\/\/sophro-reha.com\/index.php\/liens\/#primaryimage\"},\"thumbnailUrl\":\"https:\/\/sophro-reha.com\/wp-content\/uploads\/2025\/08\/logo.png\",\"datePublished\":\"2025-08-16T14:03:49+00:00\",\"dateModified\":\"2026-02-09T15:58:14+00:00\",\"breadcrumb\":{\"@id\":\"https:\/\/sophro-reha.com\/index.php\/liens\/#breadcrumb\"},\"inLanguage\":\"fr-FR\",\"potentialAction\":[{\"@type\":\"ReadAction\",\"target\":[\"https:\/\/sophro-reha.com\/index.php\/liens\/\"]}]},{\"@type\":\"ImageObject\",\"inLanguage\":\"fr-FR\",\"@id\":\"https:\/\/sophro-reha.com\/index.php\/liens\/#primaryimage\",\"url\":\"https:\/\/sophro-reha.com\/wp-content\/uploads\/2025\/08\/logo.png\",\"contentUrl\":\"https:\/\/sophro-reha.com\/wp-content\/uploads\/2025\/08\/logo.png\",\"width\":186,\"height\":84},{\"@type\":\"BreadcrumbList\",\"@id\":\"https:\/\/sophro-reha.com\/index.php\/liens\/#breadcrumb\",\"itemListElement\":[{\"@type\":\"ListItem\",\"position\":1,\"name\":\"Accueil\",\"item\":\"https:\/\/sophro-reha.com\/\"},{\"@type\":\"ListItem\",\"position\":2,\"name\":\"Liens\"}]},{\"@type\":\"WebSite\",\"@id\":\"https:\/\/sophro-reha.com\/#website\",\"url\":\"https:\/\/sophro-reha.com\/\",\"name\":\"Site de Roland Monfort, Consultant et Sophrologue cayc\u00e9dien\",\"description\":\"Transformez votre potentiel avec Roland Monfort : Expert en Conseil, Formations en efficacit\u00e9 personnelle et professionnelle, Sophrologie cayc\u00e9dienne et toxicit\u00e9s relationnelles.\",\"publisher\":{\"@id\":\"https:\/\/sophro-reha.com\/#organization\"},\"potentialAction\":[{\"@type\":\"SearchAction\",\"target\":{\"@type\":\"EntryPoint\",\"urlTemplate\":\"https:\/\/sophro-reha.com\/?s={search_term_string}\"},\"query-input\":{\"@type\":\"PropertyValueSpecification\",\"valueRequired\":true,\"valueName\":\"search_term_string\"}}],\"inLanguage\":\"fr-FR\"},{\"@type\":\"Organization\",\"@id\":\"https:\/\/sophro-reha.com\/#organization\",\"name\":\"Site de Roland Monfort, Consultant et Sophrologue cayc\u00e9dien\",\"url\":\"https:\/\/sophro-reha.com\/\",\"logo\":{\"@type\":\"ImageObject\",\"inLanguage\":\"fr-FR\",\"@id\":\"https:\/\/sophro-reha.com\/#\/schema\/logo\/image\/\",\"url\":\"https:\/\/sophro-reha.com\/wp-content\/uploads\/2025\/08\/LogoMakr-8Gu1Tp.png\",\"contentUrl\":\"https:\/\/sophro-reha.com\/wp-content\/uploads\/2025\/08\/LogoMakr-8Gu1Tp.png\",\"width\":200,\"height\":84,\"caption\":\"Site de Roland Monfort, Consultant et Sophrologue cayc\u00e9dien\"},\"image\":{\"@id\":\"https:\/\/sophro-reha.com\/#\/schema\/logo\/image\/\"},\"sameAs\":[\"https:\/\/www.facebook.com\/roland.monfort\",\"https:\/\/www.linkedin.com\/in\/roland-monfort-27881a30\/\"]}]}<\/script>\n<!-- \/ Yoast SEO plugin. -->","yoast_head_json":{"title":"Liens - Site de Roland Monfort, Consultant et Sophrologue cayc\u00e9dien","robots":{"index":"index","follow":"follow","max-snippet":"max-snippet:-1","max-image-preview":"max-image-preview:large","max-video-preview":"max-video-preview:-1"},"canonical":"https:\/\/sophro-reha.com\/index.php\/liens\/","og_locale":"fr_FR","og_type":"article","og_title":"Liens - Site de Roland Monfort, Consultant et Sophrologue cayc\u00e9dien","og_description":"Ils me font confiance","og_url":"https:\/\/sophro-reha.com\/index.php\/liens\/","og_site_name":"Site de Roland Monfort, Consultant et Sophrologue cayc\u00e9dien","article_publisher":"https:\/\/www.facebook.com\/roland.monfort","article_modified_time":"2026-02-09T15:58:14+00:00","og_image":[{"url":"https:\/\/sophro-reha.com\/wp-content\/uploads\/2025\/08\/logo.png","type":"","width":"","height":""}],"twitter_card":"summary_large_image","twitter_misc":{"Dur\u00e9e de lecture estim\u00e9e":"2 minutes"},"schema":{"@context":"https:\/\/schema.org","@graph":[{"@type":"WebPage","@id":"https:\/\/sophro-reha.com\/index.php\/liens\/","url":"https:\/\/sophro-reha.com\/index.php\/liens\/","name":"Liens - Site de Roland Monfort, Consultant et Sophrologue cayc\u00e9dien","isPartOf":{"@id":"https:\/\/sophro-reha.com\/#website"},"primaryImageOfPage":{"@id":"https:\/\/sophro-reha.com\/index.php\/liens\/#primaryimage"},"image":{"@id":"https:\/\/sophro-reha.com\/index.php\/liens\/#primaryimage"},"thumbnailUrl":"https:\/\/sophro-reha.com\/wp-content\/uploads\/2025\/08\/logo.png","datePublished":"2025-08-16T14:03:49+00:00","dateModified":"2026-02-09T15:58:14+00:00","breadcrumb":{"@id":"https:\/\/sophro-reha.com\/index.php\/liens\/#breadcrumb"},"inLanguage":"fr-FR","potentialAction":[{"@type":"ReadAction","target":["https:\/\/sophro-reha.com\/index.php\/liens\/"]}]},{"@type":"ImageObject","inLanguage":"fr-FR","@id":"https:\/\/sophro-reha.com\/index.php\/liens\/#primaryimage","url":"https:\/\/sophro-reha.com\/wp-content\/uploads\/2025\/08\/logo.png","contentUrl":"https:\/\/sophro-reha.com\/wp-content\/uploads\/2025\/08\/logo.png","width":186,"height":84},{"@type":"BreadcrumbList","@id":"https:\/\/sophro-reha.com\/index.php\/liens\/#breadcrumb","itemListElement":[{"@type":"ListItem","position":1,"name":"Accueil","item":"https:\/\/sophro-reha.com\/"},{"@type":"ListItem","position":2,"name":"Liens"}]},{"@type":"WebSite","@id":"https:\/\/sophro-reha.com\/#website","url":"https:\/\/sophro-reha.com\/","name":"Site de Roland Monfort, Consultant et Sophrologue cayc\u00e9dien","description":"Transformez votre potentiel avec Roland Monfort : Expert en Conseil, Formations en efficacit\u00e9 personnelle et professionnelle, Sophrologie cayc\u00e9dienne et toxicit\u00e9s relationnelles.","publisher":{"@id":"https:\/\/sophro-reha.com\/#organization"},"potentialAction":[{"@type":"SearchAction","target":{"@type":"EntryPoint","urlTemplate":"https:\/\/sophro-reha.com\/?s={search_term_string}"},"query-input":{"@type":"PropertyValueSpecification","valueRequired":true,"valueName":"search_term_string"}}],"inLanguage":"fr-FR"},{"@type":"Organization","@id":"https:\/\/sophro-reha.com\/#organization","name":"Site de Roland Monfort, Consultant et Sophrologue cayc\u00e9dien","url":"https:\/\/sophro-reha.com\/","logo":{"@type":"ImageObject","inLanguage":"fr-FR","@id":"https:\/\/sophro-reha.com\/#\/schema\/logo\/image\/","url":"https:\/\/sophro-reha.com\/wp-content\/uploads\/2025\/08\/LogoMakr-8Gu1Tp.png","contentUrl":"https:\/\/sophro-reha.com\/wp-content\/uploads\/2025\/08\/LogoMakr-8Gu1Tp.png","width":200,"height":84,"caption":"Site de Roland Monfort, Consultant et Sophrologue cayc\u00e9dien"},"image":{"@id":"https:\/\/sophro-reha.com\/#\/schema\/logo\/image\/"},"sameAs":["https:\/\/www.facebook.com\/roland.monfort","https:\/\/www.linkedin.com\/in\/roland-monfort-27881a30\/"]}]}},"_links":{"self":[{"href":"https:\/\/sophro-reha.com\/index.php\/wp-json\/wp\/v2\/pages\/23","targetHints":{"allow":["GET"]}}],"collection":[{"href":"https:\/\/sophro-reha.com\/index.php\/wp-json\/wp\/v2\/pages"}],"about":[{"href":"https:\/\/sophro-reha.com\/index.php\/wp-json\/wp\/v2\/types\/page"}],"author":[{"embeddable":true,"href":"https:\/\/sophro-reha.com\/index.php\/wp-json\/wp\/v2\/users\/1"}],"replies":[{"embeddable":true,"href":"https:\/\/sophro-reha.com\/index.php\/wp-json\/wp\/v2\/comments?post=23"}],"version-history":[{"count":9,"href":"https:\/\/sophro-reha.com\/index.php\/wp-json\/wp\/v2\/pages\/23\/revisions"}],"predecessor-version":[{"id":682,"href":"https:\/\/sophro-reha.com\/index.php\/wp-json\/wp\/v2\/pages\/23\/revisions\/682"}],"wp:attachment":[{"href":"https:\/\/sophro-reha.com\/index.php\/wp-json\/wp\/v2\/media?parent=23"}],"curies":[{"name":"wp","href":"https:\/\/api.w.org\/{rel}","templated":true}]}}